{"id":9,"date":"2016-07-26T11:12:21","date_gmt":"2016-07-26T11:12:21","guid":{"rendered":"http:\/\/kaavinautojavaraosa.fi\/sivut\/?page_id=9"},"modified":"2017-08-09T09:35:59","modified_gmt":"2017-08-09T09:35:59","slug":"yhteydenotto","status":"publish","type":"page","link":"https:\/\/www.kaavinautojavaraosa.fi\/?page_id=9","title":{"rendered":"Yhteystiedot"},"content":{"rendered":"<div class=\"csRow\">\n<div class=\"csColumnGap\" style=\"margin: 0px; padding: 0px; float: left; width: 1.56%;\"><img decoding=\"async\" style=\"border: none;\" src=\"http:\/\/www.kaavinautojavaraosa.fi\/sivut\/wp-content\/plugins\/advanced-wp-columns\/assets\/js\/plugins\/views\/img\/1x1-pixel.png\" \/><\/div>\n<div class=\"csColumn\" style=\"margin: 0px; padding: 0px; float: left; width: 47.7%;\" data-csstartpoint=\"15\" data-csendpoint=\"472.5\" data-cswidth=\"47.7%\" data-csid=\"68ec170c-31a3-f289-a3e2-efe76b77752f\">\n<p><strong>Yhteydenottolomake<\/strong><div style=\"display:none\" class=\"fm-form-container fm-theme31\"><div id=\"fm-pages1\" class=\"fm-pages wdform_page_navigation \" show_title=\"false\" show_numbers=\"true\" type=\"none\"><\/div><form name=\"form1\" action=\"\/index.php?rest_route=%2Fwp%2Fv2%2Fpages%2F9\" method=\"post\" id=\"form1\" class=\"fm-form form1  \" enctype=\"multipart\/form-data\"><input type=\"hidden\" id=\"fm_page_id1\" value=\"9\" name=\"fm_page_id1\" \/><input type=\"hidden\" id=\"fm_current_post_type1\" value=\"page\" name=\"fm_current_post_type1\" \/><input type=\"hidden\" id=\"counter1\" value=\"12\" name=\"counter1\" \/><input type=\"hidden\" id=\"Itemid1\" value=\"\" name=\"Itemid1\" \/><input type=\"hidden\" id=\"fm_shake1\" value=\"1\" name=\"fm_shake1\" \/><input type=\"text\" class=\"fm-hide\" id=\"fm_empty_field_validation1\" value=\"\" name=\"fm_empty_field_validation1\" data-value=\"bd736efb144d599cf463541431fbf5c4\" \/><div class=\"wdform-page-and-images\" style=\"display:table; border-top:0px solid black;\"><div id=\"1form_view1\" class=\"wdform_page\" page_title=\"Untitled page\" next_title=\"Next\" next_type=\"text\" next_class=\"wdform-page-button\" next_checkable=\"false\" previous_title=\"Previous\" previous_type=\"text\" previous_class=\"wdform-page-button\" previous_checkable=\"false\"><div class=\"wdform_section\"><div class=\"wdform_column \"><div wdid=\"6\" class=\"wdform_row \"> <div type=\"type_text\" class=\"wdform-field wd-width-100 wd-flex wd-flex-column fm-type_text\" ><div class=\"wdform-label-section wd-width-100  wd-flex-row wd-align-items-center\" style=\"max-width: 100px;\">    <label  for=\"wdform_6_element1\" class=\"wdform-label\">Nimi:<\/label><\/div><div class=\"wdform-element-section wd-flex  wd-flex-row wd-align-items-center wd-width-100\" style=\"max-width: 235px;\"><input type=\"text\"                           class=\"wd-width-100\"                           id=\"wdform_6_element1\"                           name=\"wdform_6_element1\"                           value=\"\"                           data-value=\"\"                           title=\"\"                           placeholder=\"\"                                                       \/><\/div><\/div> <\/div><div wdid=\"8\" class=\"wdform_row \"> <div type=\"type_text\" class=\"wdform-field wd-width-100 wd-flex wd-flex-column fm-type_text\" ><div class=\"wdform-label-section wd-width-100  wd-flex-row wd-align-items-center\" style=\"max-width: 100px;\">    <label  for=\"wdform_8_element1\" class=\"wdform-label\">Puhelinnumero:<\/label><\/div><div class=\"wdform-element-section wd-flex  wd-flex-row wd-align-items-center wd-width-100\" style=\"max-width: 235px;\"><input type=\"text\"                           class=\"wd-width-100\"                           id=\"wdform_8_element1\"                           name=\"wdform_8_element1\"                           value=\"\"                           data-value=\"\"                           title=\"\"                           placeholder=\"\"                                                       \/><\/div><\/div> <\/div><div wdid=\"11\" class=\"wdform_row \"> <div type=\"type_submitter_mail\" class=\"wdform-field wd-width-100 wd-flex wd-flex-column fm-type_submitter_mail\" ><div class=\"wdform-label-section wd-width-100  wd-flex-row\" style=\"max-width: 100px;\">    <label  for=\"wdform_11_element1\" class=\"wdform-label\">S\u00e4hk\u00f6postiosoite:<\/label><\/div><div class=\"wdform-element-section wd-flex  wd-flex-row wd-width-100\" style=\"max-width: 235px;\"><input type=\"text\" class=\"wd-width-100\" id=\"wdform_11_element1\" name=\"wdform_11_element1\" data-value=\"\" value=\"\" title=\"\" placeholder=\"\"   onchange=\"wd_check_email('11', '1', 'T\u00e4m\u00e4 ei ole kelvollinen s\u00e4hk\u00f6postiosoite.')\" \/><\/div><\/div> <\/div><div wdid=\"10\" class=\"wdform_row \"> <div type=\"type_textarea\" class=\"wdform-field wd-width-100 wd-flex wd-flex-column fm-type_textarea\" ><div class=\"wdform-label-section wd-width-100 \" style=\"max-width: 100px;\">    <label  for=\"wdform_10_element1\" class=\"wdform-label\">Asia:<\/label><\/div><div class=\"wdform-element-section wd-flex  wd-width-100\" style=\"max-width: 235px;\"><textarea class=\"wd-width-100\"                      id=\"wdform_10_element1\"                      name=\"wdform_10_element1\"                      placeholder=\"\"                      data-value=\"\"                      maxlength=\"\"                      style=\"height: 125px;\"                      ><\/textarea><\/div><\/div> <\/div><div wdid=\"7\" class=\"wdform_row \"> <div type=\"type_submit_reset\" class=\"wdform-field wd-width-100 wd-flex wd-flex-column fm-type_submit_reset\" ><div class=\"wdform-element-section wd-flex  wd-flex-row wd-width-100\" ><button  type=\"button\" class=\"button-submit\" onclick=\"fm_submit_form('1');\"  data-ajax=\"0\"><span class=\"fm-submit-loading spinner fm-ico-spinner\"><\/span>L\u00e4het\u00e4<\/button><button  type=\"button\" class=\"button-reset \" onclick=\"fm_reset_form(1);\" >Tyhjenn\u00e4<\/button><\/div><\/div> <\/div><\/div><\/div><div valign=\"top\" class=\"wdform_footer\" style=\"width: 100%;\"><div style=\"width: 100%;\"><div style=\"width: 100%; display: table;\"><div style=\"display: table-row-group;\"><div id=\"1page_nav1\" style=\"display: table-row;\"><\/div><\/div><\/div><\/div><\/div><\/div><\/div><div class=\"wdform_preload\"><\/div><input type=\"hidden\" name=\"fm-current-page\" value=\"https:\/\/www.kaavinautojavaraosa.fi\/index.php?rest_route=%2Fwp%2Fv2%2Fpages%2F9\" \/><\/form><\/div><\/p>\n<\/div>\n<div class=\"csColumnGap\" style=\"margin: 0px; padding: 0px; float: left; width: 1.56%;\"><img decoding=\"async\" style=\"border: none;\" src=\"http:\/\/www.kaavinautojavaraosa.fi\/sivut\/wp-content\/plugins\/advanced-wp-columns\/assets\/js\/plugins\/views\/img\/1x1-pixel.png\" \/><\/div>\n<div class=\"csColumn\" style=\"margin: 0px; padding: 0px; float: left; width: 47.7%;\" data-csstartpoint=\"487.5\" data-csendpoint=\"945\" data-cswidth=\"47.7%\" data-csid=\"dd48065f-cafb-2fa1-93ba-daf49392dc51\">\n<p><strong>Yrityksen sijainti<\/strong><\/p>\n<p><iframe loading=\"lazy\" style=\"border: 0;\" src=\"https:\/\/www.google.com\/maps\/embed?pb=!1m18!1m12!1m3!1d1281.9984747430512!2d28.49210358994543!3d62.97291963171497!2m3!1f0!2f0!3f0!3m2!1i1024!2i768!4f13.1!3m3!1m2!1s0x469b562bc380434f%3A0x652d43cc6155fbc4!2sHarjulantie+4%2C+73600+Kaavi!5e0!3m2!1sfi!2sfi!4v1469555073718\" width=\"310\" height=\"250\" frameborder=\"0\" allowfullscreen=\"allowfullscreen\"><\/iframe><\/p>\n<\/div>\n<\/div>\n","protected":false},"excerpt":{"rendered":"<p>Yhteydenottolomake Yrityksen sijainti<\/p>\n","protected":false},"author":1,"featured_media":0,"parent":0,"menu_order":0,"comment_status":"closed","ping_status":"closed","template":"","meta":[],"_links":{"self":[{"href":"https:\/\/www.kaavinautojavaraosa.fi\/index.php?rest_route=\/wp\/v2\/pages\/9"}],"collection":[{"href":"https:\/\/www.kaavinautojavaraosa.fi\/index.php?rest_route=\/wp\/v2\/pages"}],"about":[{"href":"https:\/\/www.kaavinautojavaraosa.fi\/index.php?rest_route=\/wp\/v2\/types\/page"}],"author":[{"embeddable":true,"href":"https:\/\/www.kaavinautojavaraosa.fi\/index.php?rest_route=\/wp\/v2\/users\/1"}],"replies":[{"embeddable":true,"href":"https:\/\/www.kaavinautojavaraosa.fi\/index.php?rest_route=%2Fwp%2Fv2%2Fcomments&post=9"}],"version-history":[{"count":23,"href":"https:\/\/www.kaavinautojavaraosa.fi\/index.php?rest_route=\/wp\/v2\/pages\/9\/revisions"}],"predecessor-version":[{"id":155,"href":"https:\/\/www.kaavinautojavaraosa.fi\/index.php?rest_route=\/wp\/v2\/pages\/9\/revisions\/155"}],"wp:attachment":[{"href":"https:\/\/www.kaavinautojavaraosa.fi\/index.php?rest_route=%2Fwp%2Fv2%2Fmedia&parent=9"}],"curies":[{"name":"wp","href":"https:\/\/api.w.org\/{rel}","templated":true}]}}