{"id":7,"date":"2016-07-26T11:12:04","date_gmt":"2016-07-26T11:12:04","guid":{"rendered":"http:\/\/kaavinautojavaraosa.fi\/sivut\/?page_id=7"},"modified":"2016-07-28T12:31:17","modified_gmt":"2016-07-28T12:31:17","slug":"palvelut","status":"publish","type":"page","link":"https:\/\/www.kaavinautojavaraosa.fi\/?page_id=7","title":{"rendered":"Palvelut"},"content":{"rendered":"<p><img decoding=\"async\" loading=\"lazy\" class=\"alignnone wp-image-29 size-large\" src=\"http:\/\/www.kaavinautojavaraosa.fi\/sivut\/wp-content\/uploads\/2016\/07\/DSCN2259_muokattu-1024x575.jpg\" alt=\"DSCN2259_muokattu\" width=\"1024\" height=\"575\" srcset=\"https:\/\/www.kaavinautojavaraosa.fi\/sivut\/wp-content\/uploads\/2016\/07\/DSCN2259_muokattu-1024x575.jpg 1024w, https:\/\/www.kaavinautojavaraosa.fi\/sivut\/wp-content\/uploads\/2016\/07\/DSCN2259_muokattu-300x168.jpg 300w, https:\/\/www.kaavinautojavaraosa.fi\/sivut\/wp-content\/uploads\/2016\/07\/DSCN2259_muokattu-768x431.jpg 768w, https:\/\/www.kaavinautojavaraosa.fi\/sivut\/wp-content\/uploads\/2016\/07\/DSCN2259_muokattu.jpg 1632w\" sizes=\"(max-width: 1024px) 100vw, 1024px\" \/><\/p>\n<ul>\n<li>Autokorjaamo (monimerkkikorjaamo)<\/li>\n<li>M\u00e4\u00e4r\u00e4aikaishuollot<\/li>\n<li>Ilmastointihuollot &amp; korjaukset<\/li>\n<li>Pakokaasumittaukset\u00a0(bensiini, diesel ja OBD-mittaus)<\/li>\n<li>Rengasty\u00f6t (asennus &amp; myynti)<\/li>\n<li>Hinauspalvelu<\/li>\n<li>Varaosamyynti\u00a0&amp; asennus<\/li>\n<li>Autohoitotuotteiden myynti<\/li>\n<\/ul>\n","protected":false},"excerpt":{"rendered":"<p>Autokorjaamo (monimerkkikorjaamo) M\u00e4\u00e4r\u00e4aikaishuollot Ilmastointihuollot &amp; korjaukset Pakokaasumittaukset\u00a0(bensiini, diesel ja OBD-mittaus) Rengasty\u00f6t (asennus &amp; myynti) Hinauspalvelu Varaosamyynti\u00a0&amp; asennus Autohoitotuotteiden myynti<\/p>\n","protected":false},"author":1,"featured_media":0,"parent":0,"menu_order":0,"comment_status":"closed","ping_status":"closed","template":"","meta":[],"_links":{"self":[{"href":"https:\/\/www.kaavinautojavaraosa.fi\/index.php?rest_route=\/wp\/v2\/pages\/7"}],"collection":[{"href":"https:\/\/www.kaavinautojavaraosa.fi\/index.php?rest_route=\/wp\/v2\/pages"}],"about":[{"href":"https:\/\/www.kaavinautojavaraosa.fi\/index.php?rest_route=\/wp\/v2\/types\/page"}],"author":[{"embeddable":true,"href":"https:\/\/www.kaavinautojavaraosa.fi\/index.php?rest_route=\/wp\/v2\/users\/1"}],"replies":[{"embeddable":true,"href":"https:\/\/www.kaavinautojavaraosa.fi\/index.php?rest_route=%2Fwp%2Fv2%2Fcomments&post=7"}],"version-history":[{"count":16,"href":"https:\/\/www.kaavinautojavaraosa.fi\/index.php?rest_route=\/wp\/v2\/pages\/7\/revisions"}],"predecessor-version":[{"id":98,"href":"https:\/\/www.kaavinautojavaraosa.fi\/index.php?rest_route=\/wp\/v2\/pages\/7\/revisions\/98"}],"wp:attachment":[{"href":"https:\/\/www.kaavinautojavaraosa.fi\/index.php?rest_route=%2Fwp%2Fv2%2Fmedia&parent=7"}],"curies":[{"name":"wp","href":"https:\/\/api.w.org\/{rel}","templated":true}]}}