{"id":5,"date":"2016-07-26T11:11:48","date_gmt":"2016-07-26T11:11:48","guid":{"rendered":"http:\/\/kaavinautojavaraosa.fi\/sivut\/?page_id=5"},"modified":"2017-08-09T09:38:01","modified_gmt":"2017-08-09T09:38:01","slug":"yritys","status":"publish","type":"page","link":"https:\/\/www.kaavinautojavaraosa.fi\/","title":{"rendered":"Yritys"},"content":{"rendered":"<p><img decoding=\"async\" loading=\"lazy\" class=\"alignnone wp-image-27 size-large\" src=\"http:\/\/www.kaavinautojavaraosa.fi\/sivut\/wp-content\/uploads\/2016\/07\/DSCN2277_muokattu-1024x575.jpg\" alt=\"DSCN2277_muokattu\" width=\"1024\" height=\"575\" srcset=\"https:\/\/www.kaavinautojavaraosa.fi\/sivut\/wp-content\/uploads\/2016\/07\/DSCN2277_muokattu-1024x575.jpg 1024w, https:\/\/www.kaavinautojavaraosa.fi\/sivut\/wp-content\/uploads\/2016\/07\/DSCN2277_muokattu-300x168.jpg 300w, https:\/\/www.kaavinautojavaraosa.fi\/sivut\/wp-content\/uploads\/2016\/07\/DSCN2277_muokattu-768x431.jpg 768w, https:\/\/www.kaavinautojavaraosa.fi\/sivut\/wp-content\/uploads\/2016\/07\/DSCN2277_muokattu.jpg 1632w\" sizes=\"(max-width: 1024px) 100vw, 1024px\" \/><\/p>\n<p>Kaavin T&amp;T Auto ja Varaosa Oy on vuonna 2016 avattu t\u00e4yden palvelun autokorjaamo ja varaosaliike, joka toimii perinteisell\u00e4 korjaamopaikalla paloaseman vieress\u00e4 Harjulantiell\u00e4.<\/p>\n<p>Palvelemme asiakkaitamme kahden reippaan ja osaavan huoltomiehen voimin.<\/p>\n<p>K\u00e4yt\u00f6ss\u00e4mme ovat muiden korjaamo- ja huoltolaitteiden lis\u00e4ksi uudet; rengasty\u00f6stolaite sek\u00e4 pakokaasumittauslaite (bensiini, diesel ja OBD-mittaus).<\/p>\n<p>Varaosatarjontamme on alueemme laajin ja kattavin. Pikaiset toimitukset takaavat hyllyst\u00e4 puuttuvan varaosan olevan k\u00e4ytett\u00e4viss\u00e4 yleens\u00e4 jo seuraavana p\u00e4iv\u00e4n\u00e4.<\/p>\n<p>Myym\u00e4l\u00e4ss\u00e4mme on my\u00f6s runsas valikoima auton hoito- ym tuotteita.<\/p>\n<p>TERVETULOA PALVELTAVAKSI T\u00c4YDEN PALVELUN AUTOHUOLTOKORJAAMOON!<img decoding=\"async\" loading=\"lazy\" class=\"alignnone size-medium wp-image-158\" src=\"http:\/\/www.kaavinautojavaraosa.fi\/sivut\/wp-content\/uploads\/2016\/07\/fblogo-300x300.jpg\" alt=\"fblogo\" width=\"300\" height=\"300\" srcset=\"https:\/\/www.kaavinautojavaraosa.fi\/sivut\/wp-content\/uploads\/2016\/07\/fblogo-300x300.jpg 300w, https:\/\/www.kaavinautojavaraosa.fi\/sivut\/wp-content\/uploads\/2016\/07\/fblogo-768x768.jpg 768w, https:\/\/www.kaavinautojavaraosa.fi\/sivut\/wp-content\/uploads\/2016\/07\/fblogo-55x55.jpg 55w, https:\/\/www.kaavinautojavaraosa.fi\/sivut\/wp-content\/uploads\/2016\/07\/fblogo.jpg 1000w\" sizes=\"(max-width: 300px) 100vw, 300px\" \/><\/p>\n","protected":false},"excerpt":{"rendered":"<p>Kaavin T&amp;T Auto ja Varaosa Oy on vuonna 2016 avattu t\u00e4yden palvelun autokorjaamo ja varaosaliike, joka toimii perinteisell\u00e4 korjaamopaikalla paloaseman vieress\u00e4 Harjulantiell\u00e4. Palvelemme asiakkaitamme kahden&#8230;<a class=\"more\" href=\"https:\/\/www.kaavinautojavaraosa.fi\/\">Read More<\/a><\/p>\n","protected":false},"author":1,"featured_media":0,"parent":0,"menu_order":0,"comment_status":"closed","ping_status":"closed","template":"","meta":[],"_links":{"self":[{"href":"https:\/\/www.kaavinautojavaraosa.fi\/index.php?rest_route=\/wp\/v2\/pages\/5"}],"collection":[{"href":"https:\/\/www.kaavinautojavaraosa.fi\/index.php?rest_route=\/wp\/v2\/pages"}],"about":[{"href":"https:\/\/www.kaavinautojavaraosa.fi\/index.php?rest_route=\/wp\/v2\/types\/page"}],"author":[{"embeddable":true,"href":"https:\/\/www.kaavinautojavaraosa.fi\/index.php?rest_route=\/wp\/v2\/users\/1"}],"replies":[{"embeddable":true,"href":"https:\/\/www.kaavinautojavaraosa.fi\/index.php?rest_route=%2Fwp%2Fv2%2Fcomments&post=5"}],"version-history":[{"count":10,"href":"https:\/\/www.kaavinautojavaraosa.fi\/index.php?rest_route=\/wp\/v2\/pages\/5\/revisions"}],"predecessor-version":[{"id":162,"href":"https:\/\/www.kaavinautojavaraosa.fi\/index.php?rest_route=\/wp\/v2\/pages\/5\/revisions\/162"}],"wp:attachment":[{"href":"https:\/\/www.kaavinautojavaraosa.fi\/index.php?rest_route=%2Fwp%2Fv2%2Fmedia&parent=5"}],"curies":[{"name":"wp","href":"https:\/\/api.w.org\/{rel}","templated":true}]}}