{"id":47,"date":"2016-07-27T09:27:51","date_gmt":"2016-07-27T09:27:51","guid":{"rendered":"http:\/\/www.kaavinautojavaraosa.fi\/sivut\/?page_id=47"},"modified":"2016-09-13T13:46:32","modified_gmt":"2016-09-13T13:46:32","slug":"ajankohtaista","status":"publish","type":"page","link":"https:\/\/www.kaavinautojavaraosa.fi\/?page_id=47","title":{"rendered":"Ajankohtaista"},"content":{"rendered":"<p>AJONEUVOHUOLTOPALVELUMME \u00a0KEHITTYY JA MONIPUOLISTUU.<\/p>\n<p>Kehit\u00e4mme ja uusimme laitteitamme \u00a0palvellaksemme monipuolisemmin asiakkaitamme.<\/p>\n<p>Nyt syksyn aikana saamme \u00a0halliimme isomman 3D nosturin, jonka nosto kapasiteetti on 5000 kg. Odotettuna lis\u00e4varusteena 4-py\u00f6r\u00e4suuntauslaite, joka mahdollistaa mm. aurauskulmien s\u00e4\u00e4d\u00f6n.<\/p>\n<p>Alustavan suunnitelman mukaan nosturi asennetaan syyskuun loppupuoliskolla.<\/p>\n<p>&nbsp;<\/p>\n","protected":false},"excerpt":{"rendered":"<p>AJONEUVOHUOLTOPALVELUMME \u00a0KEHITTYY JA MONIPUOLISTUU. Kehit\u00e4mme ja uusimme laitteitamme \u00a0palvellaksemme monipuolisemmin asiakkaitamme. Nyt syksyn aikana saamme \u00a0halliimme isomman 3D nosturin, jonka nosto kapasiteetti on 5000 kg&#8230;.<a class=\"more\" href=\"https:\/\/www.kaavinautojavaraosa.fi\/?page_id=47\">Read More<\/a><\/p>\n","protected":false},"author":1,"featured_media":0,"parent":0,"menu_order":0,"comment_status":"closed","ping_status":"closed","template":"","meta":[],"_links":{"self":[{"href":"https:\/\/www.kaavinautojavaraosa.fi\/index.php?rest_route=\/wp\/v2\/pages\/47"}],"collection":[{"href":"https:\/\/www.kaavinautojavaraosa.fi\/index.php?rest_route=\/wp\/v2\/pages"}],"about":[{"href":"https:\/\/www.kaavinautojavaraosa.fi\/index.php?rest_route=\/wp\/v2\/types\/page"}],"author":[{"embeddable":true,"href":"https:\/\/www.kaavinautojavaraosa.fi\/index.php?rest_route=\/wp\/v2\/users\/1"}],"replies":[{"embeddable":true,"href":"https:\/\/www.kaavinautojavaraosa.fi\/index.php?rest_route=%2Fwp%2Fv2%2Fcomments&post=47"}],"version-history":[{"count":11,"href":"https:\/\/www.kaavinautojavaraosa.fi\/index.php?rest_route=\/wp\/v2\/pages\/47\/revisions"}],"predecessor-version":[{"id":167,"href":"https:\/\/www.kaavinautojavaraosa.fi\/index.php?rest_route=\/wp\/v2\/pages\/47\/revisions\/167"}],"wp:attachment":[{"href":"https:\/\/www.kaavinautojavaraosa.fi\/index.php?rest_route=%2Fwp%2Fv2%2Fmedia&parent=47"}],"curies":[{"name":"wp","href":"https:\/\/api.w.org\/{rel}","templated":true}]}}